{"id":2380,"date":"2025-01-04T18:26:44","date_gmt":"2025-01-04T22:26:44","guid":{"rendered":"https:\/\/alejandrolealpupo.com\/?page_id=2380"},"modified":"2025-01-05T21:32:55","modified_gmt":"2025-01-06T01:32:55","slug":"servicios","status":"publish","type":"page","link":"https:\/\/alejandrolealpupo.com\/pt\/servicios\/","title":{"rendered":"Servicios"},"content":{"rendered":"<div data-elementor-type=\"wp-page\" data-elementor-id=\"2380\" class=\"elementor elementor-2380\" data-elementor-settings=\"{&quot;page_masthead_image_height&quot;:{&quot;unit&quot;:&quot;px&quot;,&quot;size&quot;:900,&quot;sizes&quot;:[]},&quot;page_masthead_image_height_tablet&quot;:{&quot;unit&quot;:&quot;vh&quot;,&quot;size&quot;:70,&quot;sizes&quot;:[]},&quot;page_masthead_image_height_mobile&quot;:{&quot;unit&quot;:&quot;vh&quot;,&quot;size&quot;:50,&quot;sizes&quot;:[]},&quot;page_masthead_background_position_x&quot;:{&quot;unit&quot;:&quot;%&quot;,&quot;size&quot;:50,&quot;sizes&quot;:[]},&quot;page_masthead_background_position_x_tablet&quot;:{&quot;unit&quot;:&quot;%&quot;,&quot;size&quot;:50,&quot;sizes&quot;:[]},&quot;page_masthead_background_position_x_mobile&quot;:{&quot;unit&quot;:&quot;%&quot;,&quot;size&quot;:50,&quot;sizes&quot;:[]},&quot;page_masthead_background_position_y&quot;:{&quot;unit&quot;:&quot;%&quot;,&quot;size&quot;:50,&quot;sizes&quot;:[]},&quot;page_masthead_background_position_y_tablet&quot;:{&quot;unit&quot;:&quot;%&quot;,&quot;size&quot;:50,&quot;sizes&quot;:[]},&quot;page_masthead_background_position_y_mobile&quot;:{&quot;unit&quot;:&quot;%&quot;,&quot;size&quot;:50,&quot;sizes&quot;:[]}}\" data-elementor-post-type=\"page\">\n\t\t\t\t\t\t<section class=\"elementor-section elementor-top-section elementor-element elementor-element-bcf765e pb-medium bg-light-1 elementor-section-full_width elementor-section-height-default elementor-section-height-default\" data-id=\"bcf765e\" data-element_type=\"section\" data-settings=\"{&quot;theme_section_color&quot;:&quot;bg-light-1&quot;}\">\n\t\t\t\t\t\t<div class=\"elementor-container elementor-column-gap-no\">\n\t\t\t\t\t<div class=\"elementor-column elementor-col-100 elementor-top-column elementor-element elementor-element-34270ca\" data-id=\"34270ca\" data-element_type=\"column\">\n\t\t\t<div class=\"elementor-widget-wrap elementor-element-populated\">\n\t\t\t\t\t\t<div class=\"elementor-element elementor-element-a24608d elementor-widget elementor-widget-rhye-widget-services-slider\" data-id=\"a24608d\" data-element_type=\"widget\" data-settings=\"{&quot;slides_per_view&quot;:{&quot;unit&quot;:&quot;number&quot;,&quot;size&quot;:1.4,&quot;sizes&quot;:[]},&quot;slides_per_view_tablet&quot;:{&quot;unit&quot;:&quot;number&quot;,&quot;size&quot;:1.2,&quot;sizes&quot;:[]},&quot;slides_per_view_mobile&quot;:{&quot;unit&quot;:&quot;number&quot;,&quot;size&quot;:1.1,&quot;sizes&quot;:[]},&quot;centered_slides&quot;:&quot;yes&quot;,&quot;centered_slides_tablet&quot;:&quot;yes&quot;,&quot;centered_slides_mobile&quot;:&quot;yes&quot;,&quot;space_between&quot;:{&quot;unit&quot;:&quot;px&quot;,&quot;size&quot;:30,&quot;sizes&quot;:[]},&quot;space_between_tablet&quot;:{&quot;unit&quot;:&quot;px&quot;,&quot;size&quot;:20,&quot;sizes&quot;:[]},&quot;space_between_mobile&quot;:{&quot;unit&quot;:&quot;px&quot;,&quot;size&quot;:20,&quot;sizes&quot;:[]}}\" data-widget_type=\"rhye-widget-services-slider.default\">\n\t\t\t\t<div class=\"elementor-widget-container\">\n\t\t\t\t\t\n\t\t\t\t\t<div class=\"section section-services section-slider-images\" data-arts-os-animation=\"true\">\n\t\t\t\t<div class=\"slider slider-services slider-images js-slider-images\">\n\t\t\t\t\t<div class=\"swiper swiper-container js-slider-images__slider slider_vertical-centered\" data-speed=\"1200\" data-slides-per-view=\"1.4\" data-space-between=\"30\" data-centered-slides=\"true\" data-touch-ratio=\"1.5\" data-counter-style=\"roman\" data-counter-add-zeros=\"\" data-auto-height=\"true\" data-slides-per-view-tablet=\"1.2\" data-slides-per-view-mobile=\"1.1\" data-space-between-tablet=\"20\" data-space-between-mobile=\"20\" data-centered-slides-tablet=\"true\" data-centered-slides-mobile=\"true\" data-autoplay-enabled=\"true\" data-autoplay-delay=\"6000\" data-drag-mouse=\"true\" data-drag-cursor=\"true\" data-drag-class=\"slider-images_touched\">\n\t\t\t\t\t\t<div class=\"swiper-wrapper\">\n\t\t\t\t\t\t\t\t\t\t\t\t\t\t\t\t\t\t\t\t\t\t\t<div class=\"swiper-slide\">\n\t\t\t\t\t\t\t\t\t<div class=\"container figure-service bg-white\" data-arts-theme-text=\"\">\n\t\t\t\t\t\t\t\t\t\t<div class=\"row no-gutters\">\n\t\t\t\t\t\t\t\t\t\t\t\t\t\t\t\t\t\t\t\t\t\t\t<!-- background image -->\n\t\t\t\t\t\t\t\t\t\t\t\t<div class=\"col-lg-5 overflow\">\n\t\t\t\t\t\t\t\t\t\t\t\t\t<div class=\"w-100 h-100\" data-swiper-parallax=\"10%\" data-swiper-parallax-zoom=\"10%\">\n\t\t\t\t\t\t\t\t\t\t\t\t\t\t<!-- zoom on drag container -->\n\t\t\t\t\t\t\t\t\t\t\t\t\t\t<div class=\"slider__zoom-container w-100 h-100\">\n\t\t\t\t\t\t\t\t\t\t\t\t\t\t\t<div class=\"figure-service__wrapper-bg\">\n\t\t\t\t\t\t\t\t\t\t\t\t\t\t\t\t\t\t\t\t\t\t\t\t\t\t\t\t\t\t\t\t<img fetchpriority=\"high\" decoding=\"async\" class=\"of-cover slider__bg swiper-lazy of-cover\" src=\"data:image\/png;base64,iVBORw0KGgoAAAANSUhEUgAAAAEAAAABCAQAAAHCGzyUAAAABGdBTUEAALGPC\/xhBQAAADhlWElmTU0AKgAAAAgAAYdpAAQAAAABAAAAGgAAAAAAAqACAAQAAAABAAAAAaADAAQAAAABAAAAAQAAAADa6r\/EAAAAC0lEQVQI12NolQQAASYAn89qhTcAAAAASUVORK5CYII=\" data-src=\"https:\/\/alejandrolealpupo.com\/wp-content\/uploads\/2020\/07\/diseno-estrategico-1024x1024.jpg\" width=\"1024\" height=\"1024\"  data-srcset=\"https:\/\/alejandrolealpupo.com\/wp-content\/uploads\/2020\/07\/diseno-estrategico-1024x1024.jpg 1024w, https:\/\/alejandrolealpupo.com\/wp-content\/uploads\/2020\/07\/diseno-estrategico-300x300.jpg 300w, https:\/\/alejandrolealpupo.com\/wp-content\/uploads\/2020\/07\/diseno-estrategico-150x150.jpg 150w, https:\/\/alejandrolealpupo.com\/wp-content\/uploads\/2020\/07\/diseno-estrategico-768x768.jpg 768w, https:\/\/alejandrolealpupo.com\/wp-content\/uploads\/2020\/07\/diseno-estrategico-12x12.jpg 12w, https:\/\/alejandrolealpupo.com\/wp-content\/uploads\/2020\/07\/diseno-estrategico.jpg 1400w\"   data-sizes=\"(max-width: 1024px) 100vw, 1024px\"  alt=\"\" \/>\n\t\t\t\t\t\t\t\t\t\t\t\t\t\t\t\t\t\t\t\t\t\t\t\t\t\t\t\t\t\t\t\t\t\t\t\t\t\t\t\t\t\t<\/div>\n\t\t\t\t\t\t\t\t\t\t\t\t\t\t<\/div>\n\t\t\t\t\t\t\t\t\t\t\t\t\t\t<!-- - zoom on drag container -->\n\t\t\t\t\t\t\t\t\t\t\t\t\t<\/div>\n\t\t\t\t\t\t\t\t\t\t\t\t<\/div>\n\t\t\t\t\t\t\t\t\t\t\t\t<!-- - background image -->\n\t\t\t\t\t\t\t\t\t\t\t\t\t\t\t\t\t\t\t\t\t\t<!-- content -->\n\t\t\t\t\t\t\t\t\t\t\t<div class=\"col-lg-7\">\n\t\t\t\t\t\t\t\t\t\t\t\t<div class=\"figure-service__content p-small\">\n\t\t\t\t\t\t\t\t\t\t\t\t\t<!-- header -->\n\t\t\t\t\t\t\t\t\t\t\t\t\t<div class=\"figure-service__header\">\n\t\t\t\t\t\t\t\t\t\t\t\t\t\t\t\t\t\t\t\t\t\t\t\t\t\t\t\t<div class=\"figure-service__heading\">\n\t\t\t\t\t\t\t\t\t\t\t\t\t\t\t<h3 class=\"mt-0 mb-0 h2\">Dise\u00f1o Estrat\u00e9gico<\/h3>\n\t\t\t\t\t\t\t\t\t\t\t\t\t\t<\/div>\n\t\t\t\t\t\t\t\t\t\t\t\t\t\t\t\t\t\t\t\t\t\t\t\t\t\t\t\t\t<div class=\"figure-service__text\">\n\t\t\t\t\t\t\t\t\t\t\t\t\t\t\t\t<p class=\"mb-0 mt-1 paragraph\">Transformemos juntos tu empresa con mi servicio de dise\u00f1o de estrategias empresariales de alto impacto. D\u00f3nde realizaremos una planificaci\u00f3n estrat\u00e9gica personalizada, para contar con objetivos claros y resultados medibles para impulsar el crecimiento y eficiencia operativa de tu organizaci\u00f3n.<\/p>\n\t\t\t\t\t\t\t\t\t\t\t\t\t\t\t<\/div>\n\t\t\t\t\t\t\t\t\t\t\t\t\t\t\t\t\t\t\t\t\t\t\t\t\t\t\t<\/div>\n\t\t\t\t\t\t\t\t\t\t\t\t\t<!-- - header -->\n\t\t\t\t\t\t\t\t\t\t\t\t\t\t\t\t\t\t\t\t\t\t\t\t\t\t\t<!-- footer -->\n\t\t\t\t\t\t\t\t\t\t\t\t\t\t<div class=\"figure-service__footer d-flex flex-wrap justify-content-between align-items-center mt-xsmall mt-md-2\">\n\t\t\t\t\t\t\t\t\t\t\t\t\t\t\t\t\t\t\t\t\t\t\t\t\t\t\t\t\t\t\t<div class=\"row\">\n\t\t\t\t\t\t\t\t\t\t\t\t\t\t\t\t\t\t\t\t\t\t\t\t\t\t\t\t\t\t\t\t\t\t\t\t\t\t\t\t\t\t\t\t\t\t\t\t\t\t\t\t\t<div class=\"col-auto figure-service__property mt-0-5\">\n\t\t\t\t\t\t\t\t\t\t\t\t\t\t\t\t\t\t\t<div class=\"figure-service__name mb-0-5 subheading\">A partir de<\/div>\n\t\t\t\t\t\t\t\t\t\t\t\t\t\t\t\t\t\t\t\t\t\t\t\t\t\t\t\t\t\t\t\t\t\t\t\t\t\t\t\t\t\t\t\t\t\t\t\t\t\t\t\t\t\t\t\t\t\t\t\t\t\t\t\t\t\t\t\t\t\t\t\t\t\t\t\t\t\t\t\t\t<div class=\"figure-service__value h3\">$500<\/div>\n\t\t\t\t\t\t\t\t\t\t\t\t\t\t\t\t\t\t\t\t\t\t\t\t\t\t\t\t\t\t\t\t\t\t\t\t\t\t\t\t\t\t\t\t\t\t\t\t\t\t\t\t\t\t\t\t\t<\/div>\n\t\t\t\t\t\t\t\t\t\t\t\t\t\t\t\t\t\t\t\t\t\t\t\t\t\t\t\t\t\t\t\t\t<\/div>\n\t\t\t\t\t\t\t\t\t\t\t\t\t\t\t\t\t\t\t\t\t\t\t\t\t\t\t\t\t\t\t\t\t\t\t\t\t\t\t\t\t\t\t\t\t\t<div class=\"figure-service__wrapper-button\">\n\t\t\t\t\t\t\t\t\t\t\t\t\t\t\t\t\t<a class=\"d-inline-block no-highlight\" href=\"https:\/\/alejandrolealpupo.com\/pt\/services\/servicio-de-diseno-estrategico\/\">\n\t\t\t\t\t\t\t\t\t\t\t\t\t\t\t\t\t\t\t\t<div class=\"js-arrow arrow arrow-right\" data-arts-cursor=\"true\" data-arts-cursor-scale=\"0\" data-arts-cursor-magnetic=\"true\" data-arts-cursor-hide-native=\"true\">\n\t\t\t<svg class=\"svg-circle\" viewbox=\"0 0 60 60\" width=\"60\" height=\"60\" version=\"1.1\" xmlns=\"http:\/\/www.w3.org\/2000\/svg\" xmlns:xlink=\"http:\/\/www.w3.org\/1999\/xlink\">\n\t<circle class=\"circle\" cx=\"30\" cy=\"30\" r=\"29\" fill=\"none\"><\/circle>\n<\/svg>\n\t\t\t<div class=\"arrow__pointer arrow-right__pointer\"><\/div>\n\t\t\t<div class=\"arrow__triangle\"><\/div>\n\t\t<\/div>\n\t\t\t\t\t\t\t\t\t\t\t\t\t\t\t\t\t\t\t<\/a>\n\t\t\t\t\t\t\t\t\t\t\t\t\t\t\t\t<\/div>\n\t\t\t\t\t\t\t\t\t\t\t\t\t\t\t\t\t\t\t\t\t\t\t\t\t\t\t\t\t<\/div>\n\t\t\t\t\t\t\t\t\t\t\t\t\t\t<!-- - footer -->\n\t\t\t\t\t\t\t\t\t\t\t\t\t\t\t\t\t\t\t\t\t\t\t\t\t<\/div>\n\t\t\t\t\t\t\t\t\t\t\t<\/div>\n\t\t\t\t\t\t\t\t\t\t\t<!-- - content -->\n\t\t\t\t\t\t\t\t\t\t<\/div>\n\t\t\t\t\t\t\t\t\t<\/div>\n\t\t\t\t\t\t\t\t<\/div>\n\t\t\t\t\t\t\t\t\t\t\t\t\t<\/div>\n\t\t\t\t\t<\/div>\n\t\t\t\t\t\t\t\t\t\t\t<!-- slider FOOTER -->\n\t\t\t\t\t\t<div class=\"container slider-services__footer mt-1 mt-md-2\">\n\t\t\t\t\t\t\t<div class=\"row justify-content-between align-items-center\">\n\t\t\t\t\t\t\t\t\t\t\t\t\t\t\t\t\t<!-- slider COUNTER (current) -->\n\t\t\t\t\t\t\t\t\t<div class=\"col-auto order-1\">\n\t\t\t\t\t\t\t\t\t\t<div class=\"slider__counter slider__counter_mini\">\n\t\t\t\t\t\t\t\t\t\t\t<div class=\"js-slider__counter-current swiper swiper-container\">\n\t\t\t\t\t\t\t\t\t\t\t\t<div class=\"swiper-wrapper\"><\/div>\n\t\t\t\t\t\t\t\t\t\t\t<\/div>\n\t\t\t\t\t\t\t\t\t\t<\/div>\n\t\t\t\t\t\t\t\t\t<\/div>\n\t\t\t\t\t\t\t\t\t<!-- - slider COUNTER (current) -->\n\t\t\t\t\t\t\t\t\t<!-- slider COUNTER (total) -->\n\t\t\t\t\t\t\t\t\t<div class=\"col-auto order-3\">\n\t\t\t\t\t\t\t\t\t\t<div class=\"slider__total slider__total_mini js-slider__counter-total\">I<\/div>\n\t\t\t\t\t\t\t\t\t<\/div>\n\t\t\t\t\t\t\t\t\t<!-- - slider COUNTER (total) -->\n\t\t\t\t\t\t\t\t\t\t\t\t\t\t\t\t\t\t\t\t\t\t\t\t\t<!-- slider DOTS -->\n\t\t\t\t\t\t\t\t\t<div class=\"col-auto order-2\">\n\t\t\t\t\t\t\t\t\t\t<div class=\"slider__dots js-slider__dots\">\n\t\t\t\t\t\t\t\t\t\t<\/div>\n\t\t\t\t\t\t\t\t\t<\/div>\n\t\t\t\t\t\t\t\t\t<!-- - slider DOTS -->\n\t\t\t\t\t\t\t\t\t\t\t\t\t\t\t<\/div>\n\t\t\t\t\t\t<\/div>\n\t\t\t\t\t\t<!-- - slider FOOTER -->\n\t\t\t\t\t\t\t\t\t<\/div>\n\t\t\t<\/div>\n\t\t\n\t\t\t\t\t\t<\/div>\n\t\t\t\t<\/div>\n\t\t\t\t\t<\/div>\n\t\t<\/div>\n\t\t\t\t\t<\/div>\n\t\t<\/section>\n\t\t\t\t<section class=\"elementor-section elementor-top-section elementor-element elementor-element-74663e6 pt-small pb-small bg-dark-3 arts-elementor-theme-light elementor-section-content-middle elementor-section-boxed elementor-section-height-default elementor-section-height-default\" data-id=\"74663e6\" data-element_type=\"section\" data-settings=\"{&quot;theme_section_color&quot;:&quot;bg-dark-3&quot;,&quot;theme_section_main_theme_text&quot;:&quot;arts-elementor-theme-light&quot;}\">\n\t\t\t\t\t\t<div class=\"elementor-container elementor-column-gap-wide\">\n\t\t\t\t\t<div class=\"elementor-column elementor-col-50 elementor-top-column elementor-element elementor-element-f9217aa\" data-id=\"f9217aa\" data-element_type=\"column\">\n\t\t\t<div class=\"elementor-widget-wrap elementor-element-populated\">\n\t\t\t\t\t\t<div class=\"elementor-element elementor-element-a527e21 elementor-widget elementor-widget-rhye-widget-content-block\" data-id=\"a527e21\" data-element_type=\"widget\" data-widget_type=\"rhye-widget-content-block.default\">\n\t\t\t\t<div class=\"elementor-widget-container\">\n\t\t\t\t\t\n\t\t<div class=\"section section-content clearfix\" data-arts-os-animation=\"true\">\n\t\t\t\t\t\t<div class=\"section-content__inner\">\n\t\t\t\t\t\t\t\t\t<div class=\"section-content__wrapper-heading\">\n\t\t\t\t\t\t\t\t\t\t\t\t\t\t\t\t\t\t\t<div class=\"section-content__heading split-text js-split-text\" data-split-text-type=\"lines,words\" data-split-text-set=\"words\"><h2>Te gustar\u00eda trabajar conmigo?<\/h2><\/div>\n\t\t\t\t\t\t\t\t\t\t\t<\/div>\n\t\t\t\t\t\t\t\t\t\t\t\t\t\t\t<\/div>\n\t\t\t\t\t\t\t\t\t\t\t\t\t\t<\/div>\n\n\t\t\t\t\t\t<\/div>\n\t\t\t\t<\/div>\n\t\t\t\t\t<\/div>\n\t\t<\/div>\n\t\t\t\t<div class=\"elementor-column elementor-col-50 elementor-top-column elementor-element elementor-element-b4d6aaa\" data-id=\"b4d6aaa\" data-element_type=\"column\">\n\t\t\t<div class=\"elementor-widget-wrap elementor-element-populated\">\n\t\t\t\t\t\t<div class=\"elementor-element elementor-element-d2e7fcb elementor-align-right elementor-mobile-align-left elementor-widget elementor-widget-rhye-widget-button\" data-id=\"d2e7fcb\" data-element_type=\"widget\" data-widget_type=\"rhye-widget-button.default\">\n\t\t\t\t<div class=\"elementor-widget-container\">\n\t\t\t\t\t\n\t\t\t\t\t<div class=\"section section-content\" data-arts-os-animation=\"true\">\n\t\t\t\t<div class=\"section-content__button\">\n\t\t\t\t\t<a class=\"elementor-button-link button button_bordered bg-white\" href=\"https:\/\/artemsemkin.com\/rhye\/wp\/contacts-1\/\" data-hover=\"Get in Touch\">\n\t\t\t\t\t\t<span class=\"button__label-hover\">Get in Touch<\/span>\n\t\t\t\t\t<\/a>\n\t\t\t\t<\/div>\n\t\t\t<\/div>\n\t\t\n\t\t\t\t\t\t<\/div>\n\t\t\t\t<\/div>\n\t\t\t\t\t<\/div>\n\t\t<\/div>\n\t\t\t\t\t<\/div>\n\t\t<\/section>\n\t\t\t\t<section class=\"elementor-section elementor-top-section elementor-element elementor-element-bf73986 pt-medium pb-medium bg-light-1 elementor-section-boxed elementor-section-height-default elementor-section-height-default\" data-id=\"bf73986\" data-element_type=\"section\" data-settings=\"{&quot;theme_section_color&quot;:&quot;bg-light-1&quot;}\">\n\t\t\t\t\t\t<div class=\"elementor-container elementor-column-gap-no\">\n\t\t\t\t\t<div class=\"elementor-column elementor-col-100 elementor-top-column elementor-element elementor-element-d92c808\" data-id=\"d92c808\" data-element_type=\"column\">\n\t\t\t<div class=\"elementor-widget-wrap elementor-element-populated\">\n\t\t\t\t\t\t<div class=\"elementor-element elementor-element-fffa1f3 text-center elementor-widget elementor-widget-rhye-widget-counters\" data-id=\"fffa1f3\" data-element_type=\"widget\" data-widget_type=\"rhye-widget-counters.default\">\n\t\t\t\t<div class=\"elementor-widget-container\">\n\t\t\t\t\t\n\t\t\t\t\t\t\t\t<div class=\"aside-counters aside-counters_dividers aside-counters_4\">\n\t\t\t\t<div class=\"no-gutters\">\n\t\t\t\t\t<div class=\"row justify-content-center\">\n\t\t\t\t\t\t\t\t\t\t\t\t\t\t\t\t\t\t\t\t<div class=\"aside-counters__wrapper-item col-lg-3 col-6\">\n\t\t\t\t\t\t\t\t<div class=\"counter js-counter\" data-counter-start=\"0\" data-counter-target=\"10\" data-counter-prefix=\"+\" data-counter-suffix=\"\" data-counter-duration=\"4\">\n\t\t\t\t\t\t\t\t\t<div class=\"counter__number js-counter__number h1\">10<\/div>\n\t\t\t\t\t\t\t\t\t<div class=\"counter__label\">\n\t\t\t\t\t\t\t\t\t\t<span class=\"paragraph\">Proyectos exitosos<\/span>\n\t\t\t\t\t\t\t\t\t<\/div>\n\t\t\t\t\t\t\t\t<\/div>\n\t\t\t\t\t\t\t<\/div>\n\t\t\t\t\t\t\t\t\t\t\t\t\t\t\t\t\t\t\t\t<div class=\"aside-counters__wrapper-item col-lg-3 col-6\">\n\t\t\t\t\t\t\t\t<div class=\"counter js-counter\" data-counter-start=\"0\" data-counter-target=\"30\" data-counter-prefix=\"+\" data-counter-suffix=\"\" data-counter-duration=\"4\">\n\t\t\t\t\t\t\t\t\t<div class=\"counter__number js-counter__number h1\">30<\/div>\n\t\t\t\t\t\t\t\t\t<div class=\"counter__label\">\n\t\t\t\t\t\t\t\t\t\t<span class=\"paragraph\">Clientes Satisfechos<\/span>\n\t\t\t\t\t\t\t\t\t<\/div>\n\t\t\t\t\t\t\t\t<\/div>\n\t\t\t\t\t\t\t<\/div>\n\t\t\t\t\t\t\t\t\t\t\t\t\t\t\t\t\t\t\t\t<div class=\"aside-counters__wrapper-item col-lg-3 col-6\">\n\t\t\t\t\t\t\t\t<div class=\"counter js-counter\" data-counter-start=\"0\" data-counter-target=\"30\" data-counter-prefix=\"\" data-counter-suffix=\" %\" data-counter-duration=\"4\">\n\t\t\t\t\t\t\t\t\t<div class=\"counter__number js-counter__number h1\">30<\/div>\n\t\t\t\t\t\t\t\t\t<div class=\"counter__label\">\n\t\t\t\t\t\t\t\t\t\t<span class=\"paragraph\">Incremento Promedio de Ingresos<\/span>\n\t\t\t\t\t\t\t\t\t<\/div>\n\t\t\t\t\t\t\t\t<\/div>\n\t\t\t\t\t\t\t<\/div>\n\t\t\t\t\t\t\t\t\t\t\t\t\t\t\t\t\t\t\t\t<div class=\"aside-counters__wrapper-item col-lg-3 col-6\">\n\t\t\t\t\t\t\t\t<div class=\"counter js-counter\" data-counter-start=\"0\" data-counter-target=\"20\" data-counter-prefix=\"\" data-counter-suffix=\" %\" data-counter-duration=\"4\">\n\t\t\t\t\t\t\t\t\t<div class=\"counter__number js-counter__number h1\">20<\/div>\n\t\t\t\t\t\t\t\t\t<div class=\"counter__label\">\n\t\t\t\t\t\t\t\t\t\t<span class=\"paragraph\">Conversi\u00f3n Aumentada<\/span>\n\t\t\t\t\t\t\t\t\t<\/div>\n\t\t\t\t\t\t\t\t<\/div>\n\t\t\t\t\t\t\t<\/div>\n\t\t\t\t\t\t\t\t\t\t\t<\/div>\n\t\t\t\t<\/div>\n\t\t\t<\/div>\n\t\t\n\t\t\t\t\t\t<\/div>\n\t\t\t\t<\/div>\n\t\t\t\t\t<\/div>\n\t\t<\/div>\n\t\t\t\t\t<\/div>\n\t\t<\/section>\n\t\t\t\t<\/div>","protected":false},"excerpt":{"rendered":"<p>Videomarketing Estrategico Servicios de Fotograf\u00eda Profesional Dise\u00f1o de Estrategias Empresariales de Alto Impacto Transforma tu empresa con mi servicio de Dise\u00f1o de Estrategias Empresariales de Alto Impacto: planificaci\u00f3n estrat\u00e9gica personalizada, objetivos claros, y resultados medibles para impulsar tu crecimiento y eficiencia operativa. A partir de $ 700 An\u00e1lisis Integral de Viabilidad de Proyecto de Escalabilidad [&hellip;]<\/p>","protected":false},"author":2,"featured_media":0,"parent":0,"menu_order":0,"comment_status":"closed","ping_status":"closed","template":"","meta":{"_acf_changed":false,"_eb_attr":"","om_disable_all_campaigns":false,"_monsterinsights_skip_tracking":false,"_monsterinsights_sitenote_active":false,"_monsterinsights_sitenote_note":"","_monsterinsights_sitenote_category":0,"footnotes":""},"class_list":["post-2380","page","type-page","status-publish","hentry"],"acf":[],"aioseo_notices":[],"_links":{"self":[{"href":"https:\/\/alejandrolealpupo.com\/pt\/wp-json\/wp\/v2\/pages\/2380","targetHints":{"allow":["GET"]}}],"collection":[{"href":"https:\/\/alejandrolealpupo.com\/pt\/wp-json\/wp\/v2\/pages"}],"about":[{"href":"https:\/\/alejandrolealpupo.com\/pt\/wp-json\/wp\/v2\/types\/page"}],"author":[{"embeddable":true,"href":"https:\/\/alejandrolealpupo.com\/pt\/wp-json\/wp\/v2\/users\/2"}],"replies":[{"embeddable":true,"href":"https:\/\/alejandrolealpupo.com\/pt\/wp-json\/wp\/v2\/comments?post=2380"}],"version-history":[{"count":11,"href":"https:\/\/alejandrolealpupo.com\/pt\/wp-json\/wp\/v2\/pages\/2380\/revisions"}],"predecessor-version":[{"id":2691,"href":"https:\/\/alejandrolealpupo.com\/pt\/wp-json\/wp\/v2\/pages\/2380\/revisions\/2691"}],"wp:attachment":[{"href":"https:\/\/alejandrolealpupo.com\/pt\/wp-json\/wp\/v2\/media?parent=2380"}],"curies":[{"name":"wp","href":"https:\/\/api.w.org\/{rel}","templated":true}]}}