{"id":3,"date":"2024-12-21T00:25:37","date_gmt":"2024-12-21T00:25:37","guid":{"rendered":"https:\/\/alejandrolealpupo.com\/?page_id=3"},"modified":"2025-01-06T15:41:00","modified_gmt":"2025-01-06T19:41:00","slug":"politica-de-privacidad","status":"publish","type":"page","link":"https:\/\/alejandrolealpupo.com\/pt\/politica-de-privacidad\/","title":{"rendered":"Pol\u00edtica de Privacidad"},"content":{"rendered":"<h2 class=\"wp-block-heading\"><strong>Qui\u00e9n soy<\/strong><\/h2>\n\n\n\n<p>Mi sitio web se encuentra en: https:\/\/alejandrolealpupo.com.<\/p>\n\n\n\n<h2 class=\"wp-block-heading\"><strong>Comentarios<\/strong><\/h2>\n\n\n\n<p>Cuando los usuarios publican comentarios en mi sitio, recojo la informaci\u00f3n proporcionada en el formulario de comentarios, as\u00ed como la direcci\u00f3n IP y el agente de usuario del navegador del visitante para detectar posibles casos de spam. Adem\u00e1s, un hash (cadena anonimizada) generado a partir de tu direcci\u00f3n de correo electr\u00f3nico puede ser enviado al servicio Gravatar para comprobar si lo est\u00e1s utilizando. La pol\u00edtica de privacidad de Gravatar est\u00e1 disponible aqu\u00ed: https:\/\/automattic.com\/privacy\/. Una vez aprobado tu comentario, tu foto de perfil ser\u00e1 visible p\u00fablicamente junto a tu comentario.<\/p>\n\n\n\n<h2 class=\"wp-block-heading\"><strong>Medios<\/strong><\/h2>\n\n\n\n<p>Si decides subir im\u00e1genes a mi sitio web, es importante que evites incluir datos de ubicaci\u00f3n incrustados (EXIF GPS). Esto se debe a que los visitantes del sitio pueden descargar y extraer cualquier dato de ubicaci\u00f3n de las im\u00e1genes subidas. Mant\u00e9n tu privacidad protegida asegur\u00e1ndote de eliminar esta informaci\u00f3n antes de subir tus fotos.<\/p>\n\n\n\n<h2 class=\"wp-block-heading\"><strong>Cookies<\/strong><\/h2>\n\n\n\n<p>Las cookies son archivos peque\u00f1os que se guardan en tu navegador para mejorar tu experiencia en mi sitio web. Por ejemplo, si dejas un comentario, puedes optar por guardar tu nombre, correo electr\u00f3nico y sitio web en cookies. Esto facilita que no tengas que volver a ingresar tus datos cada vez que comentes. Estas cookies tienen una duraci\u00f3n de un a\u00f1o. Si visitas mi p\u00e1gina de inicio de sesi\u00f3n, colocar\u00e9 una cookie temporal para verificar si tu navegador acepta cookies. Esta cookie no contiene datos personales y se eliminar\u00e1 al cerrar tu navegador. Adem\u00e1s, al iniciar sesi\u00f3n, configurar\u00e9 varias cookies para guardar tu informaci\u00f3n de inicio de sesi\u00f3n y tus preferencias de pantalla. Las cookies de inicio de sesi\u00f3n durar\u00e1n dos d\u00edas, y las cookies de opciones de pantalla durar\u00e1n un a\u00f1o. Si seleccionas \u00abRecu\u00e9rdame\u00bb, tu inicio de sesi\u00f3n se mantendr\u00e1 durante dos semanas. Si cierras sesi\u00f3n, las cookies de inicio de sesi\u00f3n se eliminar\u00e1n. Asimismo, si editas o publicas un art\u00edculo, se guardar\u00e1 una cookie adicional en tu navegador, indicando el ID del art\u00edculo que acabas de editar. Esta cookie expira despu\u00e9s de un d\u00eda.<\/p>\n\n\n\n<h2 class=\"wp-block-heading\"><strong>Contenido incrustado de otros sitios web<\/strong><\/h2>\n\n\n\n<p>Es posible que los art\u00edculos en mi sitio web incluyan contenido incrustado, como videos, im\u00e1genes, art\u00edculos, entre otros. Este contenido incrustado desde otros sitios web se comporta como si el visitante hubiera visitado directamente el otro sitio web. Estos sitios externos pueden recopilar datos sobre ti, usar cookies, incrustar seguimiento adicional de terceros y monitorear tu interacci\u00f3n con ese contenido, incluso si tienes una cuenta y est\u00e1s conectado a ese sitio.<\/p>\n\n\n\n<h2 class=\"wp-block-heading\"><strong>Con qui\u00e9n comparto tus datos<\/strong><\/h2>\n\n\n\n<p>En caso de que solicites un restablecimiento de contrase\u00f1a, tu direcci\u00f3n IP se incluir\u00e1 en el correo electr\u00f3nico de restablecimiento. Esto garantiza la seguridad de tu cuenta y ayuda a verificar tu identidad.<\/p>\n\n\n\n<h2 class=\"wp-block-heading\"><strong>Cu\u00e1nto tiempo conservo tus datos<\/strong><\/h2>\n\n\n\n<p>Los comentarios y sus metadatos se conservan indefinidamente para reconocer y aprobar autom\u00e1ticamente cualquier comentario de seguimiento en lugar de retenerlos para moderaci\u00f3n. Para los usuarios que se registren en mi sitio web, tambi\u00e9n almacenar\u00e9 la informaci\u00f3n personal proporcionada en su perfil. Todos los usuarios pueden ver, editar o eliminar su informaci\u00f3n personal en cualquier momento, excepto cambiar su nombre de usuario. Los administradores del sitio web tambi\u00e9n pueden ver y editar esta informaci\u00f3n para gestionar mejor el sitio.<\/p>\n\n\n\n<h2 class=\"wp-block-heading\"><strong>Qu\u00e9 derechos tienes sobre tus datos<\/strong><\/h2>\n\n\n\n<p>Si tienes una cuenta en este sitio o has dejado comentarios, puedes solicitar recibir un archivo exportado con los datos personales que tengo sobre ti, incluidos los datos que me hayas proporcionado. Adem\u00e1s, puedes solicitar que elimine cualquier dato personal que tenga sobre ti, con excepci\u00f3n de aquellos datos que deba conservar por motivos administrativos, legales o de seguridad. Esto asegura que tienes control sobre tu informaci\u00f3n personal y puedes gestionar tus datos seg\u00fan tus preferencias.<\/p>\n\n\n\n<h2 class=\"wp-block-heading\"><strong>D\u00f3nde se env\u00edan tus datos<\/strong><\/h2>\n\n\n\n<p>Los comentarios de los visitantes pueden ser revisados a trav\u00e9s de un servicio autom\u00e1tico de detecci\u00f3n de spam para garantizar la seguridad y la integridad del sitio.detection service.<\/p>","protected":false},"excerpt":{"rendered":"<p>Qui\u00e9n soy Mi sitio web se encuentra en: https:\/\/alejandrolealpupo.com. Comentarios Cuando los usuarios publican comentarios en mi sitio, recojo la informaci\u00f3n proporcionada en el formulario de comentarios, as\u00ed como la direcci\u00f3n IP y el agente de usuario del navegador del visitante para detectar posibles casos de spam. Adem\u00e1s, un hash (cadena anonimizada) generado a partir [&hellip;]<\/p>","protected":false},"author":1,"featured_media":0,"parent":0,"menu_order":0,"comment_status":"closed","ping_status":"open","template":"","meta":{"_acf_changed":false,"_eb_attr":"","om_disable_all_campaigns":false,"_monsterinsights_skip_tracking":false,"_monsterinsights_sitenote_active":false,"_monsterinsights_sitenote_note":"","_monsterinsights_sitenote_category":0,"footnotes":""},"class_list":["post-3","page","type-page","status-publish","hentry"],"acf":[],"aioseo_notices":[],"_links":{"self":[{"href":"https:\/\/alejandrolealpupo.com\/pt\/wp-json\/wp\/v2\/pages\/3","targetHints":{"allow":["GET"]}}],"collection":[{"href":"https:\/\/alejandrolealpupo.com\/pt\/wp-json\/wp\/v2\/pages"}],"about":[{"href":"https:\/\/alejandrolealpupo.com\/pt\/wp-json\/wp\/v2\/types\/page"}],"author":[{"embeddable":true,"href":"https:\/\/alejandrolealpupo.com\/pt\/wp-json\/wp\/v2\/users\/1"}],"replies":[{"embeddable":true,"href":"https:\/\/alejandrolealpupo.com\/pt\/wp-json\/wp\/v2\/comments?post=3"}],"version-history":[{"count":2,"href":"https:\/\/alejandrolealpupo.com\/pt\/wp-json\/wp\/v2\/pages\/3\/revisions"}],"predecessor-version":[{"id":2480,"href":"https:\/\/alejandrolealpupo.com\/pt\/wp-json\/wp\/v2\/pages\/3\/revisions\/2480"}],"wp:attachment":[{"href":"https:\/\/alejandrolealpupo.com\/pt\/wp-json\/wp\/v2\/media?parent=3"}],"curies":[{"name":"wp","href":"https:\/\/api.w.org\/{rel}","templated":true}]}}